{"id":222,"date":"2019-01-20T15:03:06","date_gmt":"2019-01-20T14:03:06","guid":{"rendered":"https:\/\/www.service-debarras.fr\/?page_id=222"},"modified":"2025-05-26T09:45:16","modified_gmt":"2025-05-26T07:45:16","slug":"location-bennes","status":"publish","type":"page","link":"https:\/\/www.service-debarras.fr\/index.php\/location-bennes\/","title":{"rendered":"Location Bennes"},"content":{"rendered":"<div id=\"pl-222\"  class=\"panel-layout\" ><div id=\"pg-222-0\"  class=\"panel-grid panel-has-style\" ><div class=\"panel-row-style panel-row-style-for-222-0\" ><div id=\"pgc-222-0-0\"  class=\"panel-grid-cell panel-grid-cell-empty\" ><\/div><div id=\"pgc-222-0-1\"  class=\"panel-grid-cell panel-grid-cell-mobile-last\" ><div id=\"panel-222-0-1-0\" class=\"so-panel widget widget_sow-editor panel-first-child\" data-index=\"0\" ><div\n\t\t\t\n\t\t\tclass=\"so-widget-sow-editor so-widget-sow-editor-base\"\n\t\t\t\n\t\t>\n<div class=\"siteorigin-widget-tinymce textwidget\">\n\t<p>&nbsp;<\/p>\n<p>&nbsp;<\/p>\n<\/div>\n<\/div><\/div><div id=\"panel-222-0-1-1\" class=\"so-panel widget widget_sow-editor\" data-index=\"1\" ><div class=\"panel-widget-style panel-widget-style-for-222-0-1-1\" ><div\n\t\t\t\n\t\t\tclass=\"so-widget-sow-editor so-widget-sow-editor-base\"\n\t\t\t\n\t\t>\n<div class=\"siteorigin-widget-tinymce textwidget\">\n\t<p>&nbsp;<\/p>\n<h2 style=\"text-align: center;\">LOCATION DE BENNES DANS TOUTE<br \/>\nLA REGION RHONES-ALPES<\/h2>\n<p>&nbsp;<\/p>\n<\/div>\n<\/div><\/div><\/div><div id=\"panel-222-0-1-2\" class=\"so-panel widget widget_sow-editor panel-last-child\" data-index=\"2\" ><div\n\t\t\t\n\t\t\tclass=\"so-widget-sow-editor so-widget-sow-editor-base\"\n\t\t\t\n\t\t>\n<div class=\"siteorigin-widget-tinymce textwidget\">\n\t<p>&nbsp;<\/p>\n<p>&nbsp;<\/p>\n<\/div>\n<\/div><\/div><\/div><div id=\"pgc-222-0-2\"  class=\"panel-grid-cell panel-grid-cell-empty\" ><\/div><\/div><\/div><div id=\"pg-222-1\"  class=\"panel-grid panel-no-style\" ><div id=\"pgc-222-1-0\"  class=\"panel-grid-cell panel-grid-cell-empty\" ><\/div><div id=\"pgc-222-1-1\"  class=\"panel-grid-cell\" ><div id=\"panel-222-1-1-0\" class=\"so-panel widget widget_sow-editor panel-first-child panel-last-child\" data-index=\"3\" ><div class=\"panel-widget-style panel-widget-style-for-222-1-1-0\" ><div\n\t\t\t\n\t\t\tclass=\"so-widget-sow-editor so-widget-sow-editor-base\"\n\t\t\t\n\t\t>\n<div class=\"siteorigin-widget-tinymce textwidget\">\n\t<h3 style=\"text-align: left;\"><strong>Vous fa\u00eetes des travaux de r\u00e9novation,\u00a0d'am\u00e9nagement ext\u00e9rieur, de jardin et vous souhaitez \u00e9vacuer vos d\u00e9chets?<\/strong><\/h3>\n<p style=\"text-align: left;\">Nous mettons \u00e0 votre disposition une large gamme de contenants\u00a0\u00e0 prix comp\u00e9titifs.<br \/>\nChaque type de d\u00e9chet fait l'objet d'une attention particuli\u00e8re. \u00a0C'est pourquoi, nos bennes sont destin\u00e9es soit : au bois, aux m\u00e9taux ou au tout-venant.<br \/>\nVotre location de benne inclut la livraison et l'enl\u00e8vement de la benne.<\/p>\n<p style=\"text-align: left;\">Afin de pouvoir r\u00e9pondre au mieux \u00e0 votre demande, quelques informations sont n\u00e9cessaires :<br \/>\n- Identifiez le type de d\u00e9chet que vous souhaitez valoriser.<br \/>\n- Estimez la quantit\u00e9 de d\u00e9chets \u00e0 \u00e9vacuer.<\/p>\n<h4 style=\"text-align: left;\"><strong>Remplissez ensuite le\u00a0formulaire en ligne ci-dessous.<br \/>\n<\/strong><strong>Une r\u00e9ponse vous sera apport\u00e9e dans les 24h\/48h.<\/strong><\/h4>\n<p style=\"text-align: center;\">.<\/p>\n<\/div>\n<\/div><\/div><\/div><\/div><div id=\"pgc-222-1-2\"  class=\"panel-grid-cell panel-grid-cell-mobile-last\" ><div id=\"panel-222-1-2-0\" class=\"so-panel widget widget_sow-editor panel-first-child panel-last-child\" data-index=\"4\" ><div class=\"panel-widget-style panel-widget-style-for-222-1-2-0\" ><div\n\t\t\t\n\t\t\tclass=\"so-widget-sow-editor so-widget-sow-editor-base\"\n\t\t\t\n\t\t>\n<div class=\"siteorigin-widget-tinymce textwidget\">\n\t<h3 style=\"text-align: center;\"><img loading=\"lazy\" decoding=\"async\" class=\"alignnone size-medium wp-image-337\" src=\"https:\/\/www.service-debarras.fr\/wp-content\/uploads\/2019\/02\/devis-gratuit-debarras-300x75.png\" alt=\"\" width=\"300\" height=\"75\" srcset=\"https:\/\/www.service-debarras.fr\/wp-content\/uploads\/2019\/02\/devis-gratuit-debarras-300x75.png 300w, https:\/\/www.service-debarras.fr\/wp-content\/uploads\/2019\/02\/devis-gratuit-debarras-460x115.png 460w, https:\/\/www.service-debarras.fr\/wp-content\/uploads\/2019\/02\/devis-gratuit-debarras.png 600w\" sizes=\"auto, (max-width: 300px) 100vw, 300px\" \/><\/h3>\n<h3 style=\"text-align: center;\">Appelez\u00a0le <a href=\"tel:0786832627\">0786832627<\/a> ou le <a href=\"tel:0665594756\">0665594756<\/a><\/h3>\n<\/div>\n<\/div><\/div><\/div><\/div><div id=\"pgc-222-1-3\"  class=\"panel-grid-cell panel-grid-cell-empty\" ><\/div><\/div><div id=\"pg-222-2\"  class=\"panel-grid panel-no-style\" ><div id=\"pgc-222-2-0\"  class=\"panel-grid-cell panel-grid-cell-empty\" ><\/div><div id=\"pgc-222-2-1\"  class=\"panel-grid-cell\" ><div id=\"panel-222-2-1-0\" class=\"so-panel widget widget_sow-editor panel-first-child panel-last-child\" data-index=\"5\" ><div class=\"panel-widget-style panel-widget-style-for-222-2-1-0\" ><div\n\t\t\t\n\t\t\tclass=\"so-widget-sow-editor so-widget-sow-editor-base\"\n\t\t\t\n\t\t>\n<div class=\"siteorigin-widget-tinymce textwidget\">\n\t<p>&nbsp;<\/p>\n<h2 style=\"text-align: left;\">Types de d\u00e9chets<\/h2>\n<ul>\n<li>DIB en m\u00e9lange<\/li>\n<li>Bois et souches<\/li>\n<li>Fer et m\u00e9taux<\/li>\n<li>Gravats<\/li>\n<li>Papier et carton<\/li>\n<li>Etc...<\/li>\n<\/ul>\n<\/div>\n<\/div><\/div><\/div><\/div><div id=\"pgc-222-2-2\"  class=\"panel-grid-cell\" ><\/div><div id=\"pgc-222-2-3\"  class=\"panel-grid-cell panel-grid-cell-mobile-last\" ><\/div><div id=\"pgc-222-2-4\"  class=\"panel-grid-cell panel-grid-cell-empty\" ><\/div><\/div><div id=\"pg-222-3\"  class=\"panel-grid panel-has-style\" ><div class=\"panel-row-style panel-row-style-for-222-3\" ><div id=\"pgc-222-3-0\"  class=\"panel-grid-cell panel-grid-cell-empty\" ><\/div><div id=\"pgc-222-3-1\"  class=\"panel-grid-cell panel-grid-cell-mobile-last\" ><div id=\"panel-222-3-1-0\" class=\"so-panel widget widget_sow-editor panel-first-child\" data-index=\"8\" ><div\n\t\t\t\n\t\t\tclass=\"so-widget-sow-editor so-widget-sow-editor-base\"\n\t\t\t\n\t\t>\n<div class=\"siteorigin-widget-tinymce textwidget\">\n\t<h4><\/h4>\n<h4 style=\"text-align: center;\">Une question ?<\/h4>\n<h4 style=\"text-align: center;\">Une demande de devis?<\/h4>\n<h4 style=\"text-align: center;\">Contactez nous par t\u00e9l\u00e9phone ou via le formulaire ci-dessous<\/h4>\n<\/div>\n<\/div><\/div><div id=\"panel-222-3-1-1\" class=\"so-panel widget widget_wpforms-widget wpforms-widget panel-last-child\" data-index=\"9\" ><div class=\"panel-widget-style panel-widget-style-for-222-3-1-1\" ><div class=\"wpforms-container wpforms-container-full\" id=\"wpforms-82\"><form id=\"wpforms-form-82\" class=\"wpforms-validate wpforms-form\" data-formid=\"82\" method=\"post\" enctype=\"multipart\/form-data\" action=\"\/index.php\/wp-json\/wp\/v2\/pages\/222\" data-token=\"b15b8ad87fbd555f011fd22d6028ae46\" data-token-time=\"1776304252\"><noscript class=\"wpforms-error-noscript\">Veuillez activer JavaScript dans votre navigateur pour remplir ce formulaire.<\/noscript><div class=\"wpforms-field-container\"><div id=\"wpforms-82-field_5-container\" class=\"wpforms-field wpforms-field-text\" data-field-id=\"5\"><label class=\"wpforms-field-label\" for=\"wpforms-82-field_5\">Nom, Pr\u00e9nom <span class=\"wpforms-required-label\">*<\/span><\/label><input type=\"text\" id=\"wpforms-82-field_5\" class=\"wpforms-field-medium wpforms-field-required\" name=\"wpforms[fields][5]\" required><\/div><div id=\"wpforms-82-field_8-container\" class=\"wpforms-field wpforms-field-text\" data-field-id=\"8\"><label class=\"wpforms-field-label\" for=\"wpforms-82-field_8\">T\u00e9l\u00e9phone <span class=\"wpforms-required-label\">*<\/span><\/label><input type=\"text\" id=\"wpforms-82-field_8\" class=\"wpforms-field-medium wpforms-field-required\" name=\"wpforms[fields][8]\" required><\/div><div id=\"wpforms-82-field_6-container\" class=\"wpforms-field wpforms-field-text\" data-field-id=\"6\"><label class=\"wpforms-field-label\" for=\"wpforms-82-field_6\">Code postal <span class=\"wpforms-required-label\">*<\/span><\/label><input type=\"text\" id=\"wpforms-82-field_6\" class=\"wpforms-field-medium wpforms-field-required\" name=\"wpforms[fields][6]\" required><\/div><div id=\"wpforms-82-field_1-container\" class=\"wpforms-field wpforms-field-email\" data-field-id=\"1\"><label class=\"wpforms-field-label\" for=\"wpforms-82-field_1\">Email <span class=\"wpforms-required-label\">*<\/span><\/label><input type=\"email\" id=\"wpforms-82-field_1\" class=\"wpforms-field-medium wpforms-field-required\" name=\"wpforms[fields][1]\" spellcheck=\"false\" required><\/div><div id=\"wpforms-82-field_2-container\" class=\"wpforms-field wpforms-field-textarea\" data-field-id=\"2\"><label class=\"wpforms-field-label\" for=\"wpforms-82-field_2\">Message <span class=\"wpforms-required-label\">*<\/span><\/label><textarea id=\"wpforms-82-field_2\" class=\"wpforms-field-medium wpforms-field-required\" name=\"wpforms[fields][2]\" required><\/textarea><\/div><\/div><!-- .wpforms-field-container --><div class=\"wpforms-field wpforms-field-hp\"><label for=\"wpforms-82-field-hp\" class=\"wpforms-field-label\">Name<\/label><input type=\"text\" name=\"wpforms[hp]\" id=\"wpforms-82-field-hp\" class=\"wpforms-field-medium\"><\/div><div class=\"wpforms-recaptcha-container wpforms-is-recaptcha wpforms-is-recaptcha-type-v3\" ><input type=\"hidden\" name=\"wpforms[recaptcha]\" value=\"\"><\/div><div class=\"wpforms-submit-container\" ><input type=\"hidden\" name=\"wpforms[id]\" value=\"82\"><input type=\"hidden\" name=\"page_title\" value=\"\"><input type=\"hidden\" name=\"page_url\" value=\"https:\/\/www.service-debarras.fr\/index.php\/wp-json\/wp\/v2\/pages\/222\"><input type=\"hidden\" name=\"url_referer\" value=\"\"><button type=\"submit\" name=\"wpforms[submit]\" id=\"wpforms-submit-82\" class=\"wpforms-submit\" data-alt-text=\"Envoi...\" data-submit-text=\"Envoyer\" aria-live=\"assertive\" value=\"wpforms-submit\">Envoyer<\/button><\/div><\/form><\/div>  <!-- .wpforms-container --><\/div><\/div><\/div><div id=\"pgc-222-3-2\"  class=\"panel-grid-cell panel-grid-cell-empty\" ><\/div><\/div><\/div><\/div>","protected":false},"excerpt":{"rendered":"<p>&nbsp; &nbsp; &nbsp; LOCATION DE BENNES DANS TOUTE LA REGION RHONES-ALPES &nbsp; &nbsp; &nbsp; Vous fa\u00eetes des travaux de r\u00e9novation,\u00a0d&rsquo;am\u00e9nagement ext\u00e9rieur, de jardin et vous souhaitez \u00e9vacuer vos d\u00e9chets? Nous mettons \u00e0 votre disposition une large gamme de contenants\u00a0\u00e0 prix comp\u00e9titifs. Chaque type de d\u00e9chet fait l&rsquo;objet d&rsquo;une attention particuli\u00e8re. \u00a0C&rsquo;est pourquoi, nos bennes sont [&hellip;]<\/p>\n","protected":false},"author":1,"featured_media":0,"parent":0,"menu_order":0,"comment_status":"closed","ping_status":"closed","template":"page-templates\/landingpage.php","meta":{"footnotes":""},"class_list":["post-222","page","type-page","status-publish","hentry"],"_links":{"self":[{"href":"https:\/\/www.service-debarras.fr\/index.php\/wp-json\/wp\/v2\/pages\/222","targetHints":{"allow":["GET"]}}],"collection":[{"href":"https:\/\/www.service-debarras.fr\/index.php\/wp-json\/wp\/v2\/pages"}],"about":[{"href":"https:\/\/www.service-debarras.fr\/index.php\/wp-json\/wp\/v2\/types\/page"}],"author":[{"embeddable":true,"href":"https:\/\/www.service-debarras.fr\/index.php\/wp-json\/wp\/v2\/users\/1"}],"replies":[{"embeddable":true,"href":"https:\/\/www.service-debarras.fr\/index.php\/wp-json\/wp\/v2\/comments?post=222"}],"version-history":[{"count":4,"href":"https:\/\/www.service-debarras.fr\/index.php\/wp-json\/wp\/v2\/pages\/222\/revisions"}],"predecessor-version":[{"id":738,"href":"https:\/\/www.service-debarras.fr\/index.php\/wp-json\/wp\/v2\/pages\/222\/revisions\/738"}],"wp:attachment":[{"href":"https:\/\/www.service-debarras.fr\/index.php\/wp-json\/wp\/v2\/media?parent=222"}],"curies":[{"name":"wp","href":"https:\/\/api.w.org\/{rel}","templated":true}]}}