{"id":186,"date":"2019-01-20T12:19:55","date_gmt":"2019-01-20T11:19:55","guid":{"rendered":"https:\/\/www.service-debarras.fr\/?page_id=186"},"modified":"2025-05-26T09:44:50","modified_gmt":"2025-05-26T07:44:50","slug":"encombrants","status":"publish","type":"page","link":"https:\/\/www.service-debarras.fr\/index.php\/encombrants\/","title":{"rendered":"Encombrants"},"content":{"rendered":"<div id=\"pl-186\"  class=\"panel-layout\" ><div id=\"pg-186-0\"  class=\"panel-grid panel-has-style\" ><div class=\"panel-row-style panel-row-style-for-186-0\" ><div id=\"pgc-186-0-0\"  class=\"panel-grid-cell panel-grid-cell-empty\" ><\/div><div id=\"pgc-186-0-1\"  class=\"panel-grid-cell panel-grid-cell-mobile-last\" ><div id=\"panel-186-0-1-0\" class=\"so-panel widget widget_sow-editor panel-first-child\" data-index=\"0\" ><div\n\t\t\t\n\t\t\tclass=\"so-widget-sow-editor so-widget-sow-editor-base\"\n\t\t\t\n\t\t>\n<div class=\"siteorigin-widget-tinymce textwidget\">\n\t<p>&nbsp;<\/p>\n<p>&nbsp;<\/p>\n<\/div>\n<\/div><\/div><div id=\"panel-186-0-1-1\" class=\"so-panel widget widget_sow-editor\" data-index=\"1\" ><div class=\"panel-widget-style panel-widget-style-for-186-0-1-1\" ><div\n\t\t\t\n\t\t\tclass=\"so-widget-sow-editor so-widget-sow-editor-base\"\n\t\t\t\n\t\t>\n<div class=\"siteorigin-widget-tinymce textwidget\">\n\t<p>&nbsp;<\/p>\n<h2 style=\"text-align: center;\">ENLEVEMENT D'ENCOMBRANTS<\/h2>\n<h3 style=\"text-align: center;\">POUR PARTICULIERS ET PROFESSIONNELS<\/h3>\n<p>&nbsp;<\/p>\n<\/div>\n<\/div><\/div><\/div><div id=\"panel-186-0-1-2\" class=\"so-panel widget widget_sow-editor panel-last-child\" data-index=\"2\" ><div\n\t\t\t\n\t\t\tclass=\"so-widget-sow-editor so-widget-sow-editor-base\"\n\t\t\t\n\t\t>\n<div class=\"siteorigin-widget-tinymce textwidget\">\n\t<p>&nbsp;<\/p>\n<p>&nbsp;<\/p>\n<\/div>\n<\/div><\/div><\/div><div id=\"pgc-186-0-2\"  class=\"panel-grid-cell panel-grid-cell-empty\" ><\/div><\/div><\/div><div id=\"pg-186-1\"  class=\"panel-grid panel-no-style\" ><div id=\"pgc-186-1-0\"  class=\"panel-grid-cell panel-grid-cell-empty\" ><\/div><div id=\"pgc-186-1-1\"  class=\"panel-grid-cell\" ><div id=\"panel-186-1-1-0\" class=\"so-panel widget widget_sow-editor panel-first-child panel-last-child\" data-index=\"3\" ><div class=\"panel-widget-style panel-widget-style-for-186-1-1-0\" ><div\n\t\t\t\n\t\t\tclass=\"so-widget-sow-editor so-widget-sow-editor-base\"\n\t\t\t\n\t\t>\n<div class=\"siteorigin-widget-tinymce textwidget\">\n\t<h2 style=\"text-align: left;\">Services de d\u00e9barras pour tous vos besoins<\/h2>\n<p style=\"text-align: left;\">Bas\u00e9 \u00e0 proximit\u00e9 de Lyon, nous\u00a0vous proposons de d\u00e9barrasser vos meubles, bibelots et autres objets ou mat\u00e9riaux plus ou moins encombrants, de mani\u00e8re rapide et efficace.\u00a0Nous nous chargeons de l'\u00e9vacuation de vos meubles encombrants et autres objets que vous ne souhaitez pas conserver, et vous d\u00e9livrons de cette tache p\u00e9nible qu'est le d\u00e9barras et d\u00e9m\u00e9nagement d'objets lourds et volumineux. Nous r\u00e9pondons rapidement \u00e0 votre demande et sommes parfaitement bien \u00e9quip\u00e9s pour nous adapter \u00e0 toutes les circonstances (par exemple lieux parfois difficiles d'acc\u00e8s) gr\u00e2ce \u00e0 notre \u00e9quipe comp\u00e9tente, rod\u00e9e, dot\u00e9e d'outillage adapt\u00e9 pour le d\u00e9montage et enl\u00e8vement de mobilier, transport et manutention.<\/p>\n<h3 style=\"text-align: left;\">Nous d\u00e9barrassons \u00e9galement tous types de locaux professionnels.<\/h3>\n<p style=\"text-align: left;\">Nos \u00e9quipes \u00a0sont \u00e9quip\u00e9es de tout le mat\u00e9riel ad\u00e9quat pour un enl\u00e8vement rapide afin de minimiser au maximum votre temps d'immobilisation des locaux \u00e0 vider, et d'une amplitude d'horaires la mieux adapt\u00e9e \u00e0 vos besoins et \u00e0 chaque situation. \u00a0Nous travaillons dans le respect des consignes de s\u00e9curit\u00e9, (isolation des cables...) et\u00a0dans le respect des r\u00e8gles environnementales<\/p>\n<p style=\"text-align: left;\">.<\/p>\n<\/div>\n<\/div><\/div><\/div><\/div><div id=\"pgc-186-1-2\"  class=\"panel-grid-cell panel-grid-cell-mobile-last\" ><div id=\"panel-186-1-2-0\" class=\"so-panel widget widget_sow-editor panel-first-child\" data-index=\"4\" ><div class=\"panel-widget-style panel-widget-style-for-186-1-2-0\" ><div\n\t\t\t\n\t\t\tclass=\"so-widget-sow-editor so-widget-sow-editor-base\"\n\t\t\t\n\t\t>\n<div class=\"siteorigin-widget-tinymce textwidget\">\n\t<h3 style=\"text-align: center;\"><img loading=\"lazy\" decoding=\"async\" class=\"alignnone size-medium wp-image-337\" src=\"https:\/\/www.service-debarras.fr\/wp-content\/uploads\/2019\/02\/devis-gratuit-debarras-300x75.png\" alt=\"\" width=\"300\" height=\"75\" srcset=\"https:\/\/www.service-debarras.fr\/wp-content\/uploads\/2019\/02\/devis-gratuit-debarras-300x75.png 300w, https:\/\/www.service-debarras.fr\/wp-content\/uploads\/2019\/02\/devis-gratuit-debarras-460x115.png 460w, https:\/\/www.service-debarras.fr\/wp-content\/uploads\/2019\/02\/devis-gratuit-debarras.png 600w\" sizes=\"auto, (max-width: 300px) 100vw, 300px\" \/><\/h3>\n<h3 style=\"text-align: center;\">Appelez\u00a0le <a href=\"tel:0786832627\">0786832627<\/a> ou le <a href=\"tel:0665594756\">0665594756<\/a><\/h3>\n<\/div>\n<\/div><\/div><\/div><div id=\"panel-186-1-2-1\" class=\"so-panel widget widget_sow-editor panel-last-child\" data-index=\"5\" ><div class=\"panel-widget-style panel-widget-style-for-186-1-2-1\" ><div\n\t\t\t\n\t\t\tclass=\"so-widget-sow-editor so-widget-sow-editor-base\"\n\t\t\t\n\t\t>\n<div class=\"siteorigin-widget-tinymce textwidget\">\n\t<h2>Travail rapide et soign\u00e9 \u00e0 prix comp\u00e9titifs<\/h2>\n<\/div>\n<\/div><\/div><\/div><\/div><div id=\"pgc-186-1-3\"  class=\"panel-grid-cell panel-grid-cell-empty\" ><\/div><\/div><div id=\"pg-186-2\"  class=\"panel-grid panel-no-style\" ><div id=\"pgc-186-2-0\"  class=\"panel-grid-cell panel-grid-cell-empty\" ><\/div><div id=\"pgc-186-2-1\"  class=\"panel-grid-cell\" ><div id=\"panel-186-2-1-0\" class=\"so-panel widget widget_sow-editor panel-first-child panel-last-child\" data-index=\"6\" ><div class=\"panel-widget-style panel-widget-style-for-186-2-1-0\" ><div\n\t\t\t\n\t\t\tclass=\"so-widget-sow-editor so-widget-sow-editor-base\"\n\t\t\t\n\t\t>\n<div class=\"siteorigin-widget-tinymce textwidget\">\n\t<h2 style=\"text-align: left;\">D\u00e9barras<\/h2>\n<ul>\n<li>Maison<\/li>\n<li>Appartement<\/li>\n<li>Box<\/li>\n<li>Garage<\/li>\n<li>D\u00e9chets verts<\/li>\n<li>Locaux commerciaux<\/li>\n<li>Bureaux magasins, ...<\/li>\n<\/ul>\n<\/div>\n<\/div><\/div><\/div><\/div><div id=\"pgc-186-2-2\"  class=\"panel-grid-cell\" ><\/div><div id=\"pgc-186-2-3\"  class=\"panel-grid-cell panel-grid-cell-mobile-last\" ><\/div><div id=\"pgc-186-2-4\"  class=\"panel-grid-cell panel-grid-cell-empty\" ><\/div><\/div><div id=\"pg-186-3\"  class=\"panel-grid panel-has-style\" ><div class=\"panel-row-style panel-row-style-for-186-3\" ><div id=\"pgc-186-3-0\"  class=\"panel-grid-cell\" ><div id=\"panel-186-3-0-0\" class=\"so-panel widget widget_sow-editor panel-first-child panel-last-child\" data-index=\"9\" ><div\n\t\t\t\n\t\t\tclass=\"so-widget-sow-editor so-widget-sow-editor-base\"\n\t\t\t\n\t\t>\n<div class=\"siteorigin-widget-tinymce textwidget\">\n\t<\/div>\n<\/div><\/div><\/div><div id=\"pgc-186-3-1\"  class=\"panel-grid-cell panel-grid-cell-mobile-last\" ><div id=\"panel-186-3-1-0\" class=\"so-panel widget widget_sow-editor panel-first-child\" data-index=\"10\" ><div\n\t\t\t\n\t\t\tclass=\"so-widget-sow-editor so-widget-sow-editor-base\"\n\t\t\t\n\t\t>\n<div class=\"siteorigin-widget-tinymce textwidget\">\n\t<h4><\/h4>\n<h4 style=\"text-align: center;\">Une question ?<\/h4>\n<h4 style=\"text-align: center;\">Une demande de devis?<\/h4>\n<h4 style=\"text-align: center;\">Contactez nous par t\u00e9l\u00e9phone ou via le formulaire ci-dessous<\/h4>\n<\/div>\n<\/div><\/div><div id=\"panel-186-3-1-1\" class=\"so-panel widget widget_wpforms-widget wpforms-widget panel-last-child\" data-index=\"11\" ><div class=\"panel-widget-style panel-widget-style-for-186-3-1-1\" ><div class=\"wpforms-container wpforms-container-full\" id=\"wpforms-82\"><form id=\"wpforms-form-82\" class=\"wpforms-validate wpforms-form\" data-formid=\"82\" method=\"post\" enctype=\"multipart\/form-data\" action=\"\/index.php\/wp-json\/wp\/v2\/pages\/186\" data-token=\"8a69f449b6550bab47f9d7bf3df38f56\" data-token-time=\"1776654634\"><noscript class=\"wpforms-error-noscript\">Veuillez activer JavaScript dans votre navigateur pour remplir ce formulaire.<\/noscript><div class=\"wpforms-field-container\"><div id=\"wpforms-82-field_5-container\" class=\"wpforms-field wpforms-field-text\" data-field-id=\"5\"><label class=\"wpforms-field-label\" for=\"wpforms-82-field_5\">Nom, Pr\u00e9nom <span class=\"wpforms-required-label\">*<\/span><\/label><input type=\"text\" id=\"wpforms-82-field_5\" class=\"wpforms-field-medium wpforms-field-required\" name=\"wpforms[fields][5]\" required><\/div><div id=\"wpforms-82-field_8-container\" class=\"wpforms-field wpforms-field-text\" data-field-id=\"8\"><label class=\"wpforms-field-label\" for=\"wpforms-82-field_8\">T\u00e9l\u00e9phone <span class=\"wpforms-required-label\">*<\/span><\/label><input type=\"text\" id=\"wpforms-82-field_8\" class=\"wpforms-field-medium wpforms-field-required\" name=\"wpforms[fields][8]\" required><\/div><div id=\"wpforms-82-field_6-container\" class=\"wpforms-field wpforms-field-text\" data-field-id=\"6\"><label class=\"wpforms-field-label\" for=\"wpforms-82-field_6\">Code postal <span class=\"wpforms-required-label\">*<\/span><\/label><input type=\"text\" id=\"wpforms-82-field_6\" class=\"wpforms-field-medium wpforms-field-required\" name=\"wpforms[fields][6]\" required><\/div><div id=\"wpforms-82-field_1-container\" class=\"wpforms-field wpforms-field-email\" data-field-id=\"1\"><label class=\"wpforms-field-label\" for=\"wpforms-82-field_1\">Email <span class=\"wpforms-required-label\">*<\/span><\/label><input type=\"email\" id=\"wpforms-82-field_1\" class=\"wpforms-field-medium wpforms-field-required\" name=\"wpforms[fields][1]\" spellcheck=\"false\" required><\/div><div id=\"wpforms-82-field_2-container\" class=\"wpforms-field wpforms-field-textarea\" data-field-id=\"2\"><label class=\"wpforms-field-label\" for=\"wpforms-82-field_2\">Message <span class=\"wpforms-required-label\">*<\/span><\/label><textarea id=\"wpforms-82-field_2\" class=\"wpforms-field-medium wpforms-field-required\" name=\"wpforms[fields][2]\" required><\/textarea><\/div><\/div><!-- .wpforms-field-container --><div class=\"wpforms-field wpforms-field-hp\"><label for=\"wpforms-82-field-hp\" class=\"wpforms-field-label\">Comment<\/label><input type=\"text\" name=\"wpforms[hp]\" id=\"wpforms-82-field-hp\" class=\"wpforms-field-medium\"><\/div><div class=\"wpforms-recaptcha-container wpforms-is-recaptcha wpforms-is-recaptcha-type-v3\" ><input type=\"hidden\" name=\"wpforms[recaptcha]\" value=\"\"><\/div><div class=\"wpforms-submit-container\" ><input type=\"hidden\" name=\"wpforms[id]\" value=\"82\"><input type=\"hidden\" name=\"page_title\" value=\"\"><input type=\"hidden\" name=\"page_url\" value=\"https:\/\/www.service-debarras.fr\/index.php\/wp-json\/wp\/v2\/pages\/186\"><input type=\"hidden\" name=\"url_referer\" value=\"\"><button type=\"submit\" name=\"wpforms[submit]\" id=\"wpforms-submit-82\" class=\"wpforms-submit\" data-alt-text=\"Envoi...\" data-submit-text=\"Envoyer\" aria-live=\"assertive\" value=\"wpforms-submit\">Envoyer<\/button><\/div><\/form><\/div>  <!-- .wpforms-container --><\/div><\/div><\/div><div id=\"pgc-186-3-2\"  class=\"panel-grid-cell panel-grid-cell-empty\" ><\/div><\/div><\/div><\/div>","protected":false},"excerpt":{"rendered":"<p>&nbsp; &nbsp; &nbsp; ENLEVEMENT D&rsquo;ENCOMBRANTS POUR PARTICULIERS ET PROFESSIONNELS &nbsp; &nbsp; &nbsp; Services de d\u00e9barras pour tous vos besoins Bas\u00e9 \u00e0 proximit\u00e9 de Lyon, nous\u00a0vous proposons de d\u00e9barrasser vos meubles, bibelots et autres objets ou mat\u00e9riaux plus ou moins encombrants, de mani\u00e8re rapide et efficace.\u00a0Nous nous chargeons de l&rsquo;\u00e9vacuation de vos meubles encombrants et autres [&hellip;]<\/p>\n","protected":false},"author":1,"featured_media":0,"parent":0,"menu_order":0,"comment_status":"closed","ping_status":"closed","template":"page-templates\/landingpage.php","meta":{"footnotes":""},"class_list":["post-186","page","type-page","status-publish","hentry"],"_links":{"self":[{"href":"https:\/\/www.service-debarras.fr\/index.php\/wp-json\/wp\/v2\/pages\/186","targetHints":{"allow":["GET"]}}],"collection":[{"href":"https:\/\/www.service-debarras.fr\/index.php\/wp-json\/wp\/v2\/pages"}],"about":[{"href":"https:\/\/www.service-debarras.fr\/index.php\/wp-json\/wp\/v2\/types\/page"}],"author":[{"embeddable":true,"href":"https:\/\/www.service-debarras.fr\/index.php\/wp-json\/wp\/v2\/users\/1"}],"replies":[{"embeddable":true,"href":"https:\/\/www.service-debarras.fr\/index.php\/wp-json\/wp\/v2\/comments?post=186"}],"version-history":[{"count":4,"href":"https:\/\/www.service-debarras.fr\/index.php\/wp-json\/wp\/v2\/pages\/186\/revisions"}],"predecessor-version":[{"id":739,"href":"https:\/\/www.service-debarras.fr\/index.php\/wp-json\/wp\/v2\/pages\/186\/revisions\/739"}],"wp:attachment":[{"href":"https:\/\/www.service-debarras.fr\/index.php\/wp-json\/wp\/v2\/media?parent=186"}],"curies":[{"name":"wp","href":"https:\/\/api.w.org\/{rel}","templated":true}]}}