{"id":16,"date":"2019-01-13T12:49:03","date_gmt":"2019-01-13T11:49:03","guid":{"rendered":"http:\/\/www.service-debarras.fr\/?page_id=16"},"modified":"2025-05-26T09:39:18","modified_gmt":"2025-05-26T07:39:18","slug":"test","status":"publish","type":"page","link":"https:\/\/www.service-debarras.fr\/","title":{"rendered":"Nos services"},"content":{"rendered":"<div id=\"pl-16\"  class=\"panel-layout\" ><div id=\"pg-16-0\"  class=\"panel-grid panel-has-style\" ><div class=\"panel-row-style panel-row-style-for-16-0\" ><div id=\"pgc-16-0-0\"  class=\"panel-grid-cell panel-grid-cell-empty\" ><\/div><div id=\"pgc-16-0-1\"  class=\"panel-grid-cell panel-grid-cell-mobile-last\" ><div id=\"panel-16-0-1-0\" class=\"so-panel widget widget_sow-editor panel-first-child\" data-index=\"0\" ><div class=\"panel-widget-style panel-widget-style-for-16-0-1-0\" ><div\n\t\t\t\n\t\t\tclass=\"so-widget-sow-editor so-widget-sow-editor-base\"\n\t\t\t\n\t\t>\n<div class=\"siteorigin-widget-tinymce textwidget\">\n\t<p>&nbsp;<\/p>\n<p>&nbsp;<\/p>\n<p>&nbsp;<\/p>\n<\/div>\n<\/div><\/div><\/div><div id=\"panel-16-0-1-1\" class=\"so-panel widget widget_sow-editor\" data-index=\"1\" ><div class=\"panel-widget-style panel-widget-style-for-16-0-1-1\" ><div\n\t\t\t\n\t\t\tclass=\"so-widget-sow-editor so-widget-sow-editor-base\"\n\t\t\t\n\t\t>\n<div class=\"siteorigin-widget-tinymce textwidget\">\n\t<p>&nbsp;<\/p>\n<h2 style=\"text-align: center;\">GAGNAIRE D\u00c9BARRAS<\/h2>\n<h3 style=\"text-align: center;\">POUR PARTICULIERS ET PROFESSIONNELS<\/h3>\n<p>&nbsp;<\/p>\n<h4 style=\"text-align: center;\">R\u00e9gion Rh\u00f4ne-Alpes<\/h4>\n<p>&nbsp;<\/p>\n<\/div>\n<\/div><\/div><\/div><div id=\"panel-16-0-1-2\" class=\"so-panel widget widget_sow-editor panel-last-child\" data-index=\"2\" ><div class=\"panel-widget-style panel-widget-style-for-16-0-1-2\" ><div\n\t\t\t\n\t\t\tclass=\"so-widget-sow-editor so-widget-sow-editor-base\"\n\t\t\t\n\t\t>\n<div class=\"siteorigin-widget-tinymce textwidget\">\n\t<p>&nbsp;<\/p>\n<p>&nbsp;<\/p>\n<\/div>\n<\/div><\/div><\/div><\/div><div id=\"pgc-16-0-2\"  class=\"panel-grid-cell panel-grid-cell-empty\" ><\/div><\/div><\/div><div id=\"pg-16-1\"  class=\"panel-grid panel-no-style\" ><div id=\"pgc-16-1-0\"  class=\"panel-grid-cell panel-grid-cell-empty\" ><\/div><div id=\"pgc-16-1-1\"  class=\"panel-grid-cell\" ><div id=\"panel-16-1-1-0\" class=\"so-panel widget widget_sow-editor panel-first-child panel-last-child\" data-index=\"3\" ><div class=\"panel-widget-style panel-widget-style-for-16-1-1-0\" ><div\n\t\t\t\n\t\t\tclass=\"so-widget-sow-editor so-widget-sow-editor-base\"\n\t\t\t\n\t\t>\n<div class=\"siteorigin-widget-tinymce textwidget\">\n\t<h2 style=\"text-align: left;\">Services de d\u00e9barras pour tous vos besoins<\/h2>\n<p style=\"text-align: left;\">Nous <a href=\"https:\/\/www.lescompagnonsdebarrasseurs.com\/debarrasse-tout.html\">d\u00e9barrassons tout<\/a> de votre maison ou appartement en passant par votre cave\u00a0et grenier. \u00a0Une attention particuli\u00e8re est donn\u00e9e \u00e0 la rapidit\u00e9 d'enl\u00e8vement et au respect des lieux. Nous r\u00e9alisons aussi des d\u00e9barras\u00a0de locaux professionnels, y compris la destruction de vos archives. \u00a0\u00a0Notre champ d'action est situ\u00e9 \u00e0 <a href=\"https:\/\/www.lyon.fr\/\">Lyon<\/a> et dans toute la r\u00e9gion Rh\u00f4ne-Alpes.<\/p>\n<p style=\"text-align: left;\"><strong>Attentif \u00e0 contribuer \u00e0 un environnement plus \u00e9cologique, nous \u0153uvrons \u00e0 un recyclage engag\u00e9 et responsable.<\/strong><\/p>\n<h2>Combien co\u00fbte un d\u00e9barras de maison \u00e0 Lyon ?<\/h2>\n<p>Le co\u00fbt d\u2019un <a href=\"https:\/\/www.debarrasmaison.com\/debarras-69\/Lyon.html\">d\u00e9barras Lyon<\/a> d\u00e9pend du volume, de l\u2019accessibilit\u00e9 et de la valeur des objets. Pour une maison de 100 m\u00b2, les prix varient entre 1100 et 2500 \u20ac, mais un service comme celui propos\u00e9 sur <a href=\"https:\/\/www.lescompagnonsdebarrasseurs.com\/debarras-maison.html\">d\u00e9barras maison<\/a> peut \u00eatre gratuit si les biens r\u00e9cup\u00e9rables (meubles, \u00e9lectrom\u00e9nagers) compensent les frais. Les co\u00fbts incluent le tri, le transport et le recyclage. Les logements en \u00e9tage sans ascenseur ou insalubres entra\u00eenent des frais suppl\u00e9mentaires. Une visite pr\u00e9alable permet d\u2019obtenir un devis pr\u00e9cis. Les Compagnons D\u00e9barrasseurs assurent une tarification claire et adapt\u00e9e \u00e0 vos besoins.<\/p>\n<h2>Comment trier les objets lors d\u2019un d\u00e9barras ?<\/h2>\n<p>Le tri des objets est crucial pour un d\u00e9barras efficace. Commencez par s\u00e9parer ce que vous conservez, donnez, vendez ou jetez. Les objets valorisables, comme les meubles anciens ou la vaisselle, sont identifi\u00e9s pour \u00eatre donn\u00e9s ou revendus. Les experts, comme ceux sp\u00e9cialis\u00e9s dans <a href=\"https:\/\/www.lescompagnonsdebarrasseurs.com\/vider-maison.html\">vider maison<\/a>, trient avec soin, orientant les biens vers des associations ou des centres de recyclage. Un inventaire initial simplifie le processus, notamment pour les successions. Ce tri responsable valorise les objets, r\u00e9duit les co\u00fbts et minimise l\u2019impact environnemental du d\u00e9barras.<\/p>\n<h2>Sous combien de temps intervenez-vous pour vider une maison ?<\/h2>\n<p>Les d\u00e9lais d\u2019intervention varient selon l\u2019urgence et la disponibilit\u00e9. En g\u00e9n\u00e9ral, une \u00e9quipe peut agir sous 48 heures apr\u00e8s acceptation du devis. Pour une maison de 20 \u00e0 50 m\u00b3, le vidage prend 1 \u00e0 2 jours avec 2 \u00e0 3 personnes. Les cas complexes, comme les logements insalubres, peuvent n\u00e9cessiter plus de temps. Une visite sur place permet de planifier l\u2019intervention avec pr\u00e9cision. <a href=\"https:\/\/www.debarrasmaison.com\/debarras-63\/Clermont-Ferrand.html\">Gagnaire d\u00e9barras Clermont-Ferrand<\/a> s\u2019engagent \u00e0 intervenir rapidement, laissant les lieux propres et pr\u00eats \u00e0 l\u2019usage, pour une satisfaction garantie.<\/p>\n<\/div>\n<\/div><\/div><\/div><\/div><div id=\"pgc-16-1-2\"  class=\"panel-grid-cell panel-grid-cell-mobile-last\" ><div id=\"panel-16-1-2-0\" class=\"so-panel widget widget_sow-editor panel-first-child panel-last-child\" data-index=\"4\" ><div class=\"panel-widget-style panel-widget-style-for-16-1-2-0\" ><div\n\t\t\t\n\t\t\tclass=\"so-widget-sow-editor so-widget-sow-editor-base\"\n\t\t\t\n\t\t>\n<div class=\"siteorigin-widget-tinymce textwidget\">\n\t<h3 style=\"text-align: center;\"><img loading=\"lazy\" decoding=\"async\" class=\"alignnone size-medium wp-image-337\" src=\"https:\/\/www.service-debarras.fr\/wp-content\/uploads\/2019\/02\/devis-gratuit-debarras-300x75.png\" alt=\"\" width=\"300\" height=\"75\" srcset=\"https:\/\/www.service-debarras.fr\/wp-content\/uploads\/2019\/02\/devis-gratuit-debarras-300x75.png 300w, https:\/\/www.service-debarras.fr\/wp-content\/uploads\/2019\/02\/devis-gratuit-debarras-460x115.png 460w, https:\/\/www.service-debarras.fr\/wp-content\/uploads\/2019\/02\/devis-gratuit-debarras.png 600w\" sizes=\"auto, (max-width: 300px) 100vw, 300px\" \/><\/h3>\n<h3 style=\"text-align: center;\">Appelez le <a href=\"tel:0786832627\">0786832627<\/a> ou le <a href=\"tel:0665594756\">0665594756<\/a><\/h3>\n<h4 style=\"text-align: center;\">D\u00e9partement intervention<\/h4>\n<p style=\"text-align: center;\"><a class=\"text-white\" href=\"https:\/\/www.debarrasmaison.com\/debarras-69\/\">D\u00e9barras 69 - Rh\u00f4ne<\/a>\u00a0-\u00a0<a class=\"text-white\" href=\"https:\/\/www.debarrasmaison.com\/debarras-42\/\">D\u00e9barras 42 - Loire<\/a>\u00a0-\u00a0<a class=\"text-white\" href=\"https:\/\/www.debarrasmaison.com\/debarras-01\/\">D\u00e9barras 01 - Ain<\/a>\u00a0-\u00a0<a class=\"text-white\" href=\"https:\/\/www.debarrasmaison.com\/debarras-26\/\">D\u00e9barras 26 - Dr\u00f4me<\/a>\u00a0-\u00a0<a class=\"text-white\" href=\"https:\/\/www.debarrasmaison.com\/debarras-74\/\">D\u00e9barras 74 - Haute-Savoie<\/a>\u00a0-\u00a0<a class=\"text-white\" href=\"https:\/\/www.debarrasmaison.com\/debarras-73\/\">D\u00e9barras 73 - Savoie<\/a>\u00a0-\u00a0<a class=\"text-white\" href=\"https:\/\/www.debarrasmaison.com\/debarras-63\/\">D\u00e9barras 63 - Puy-de-D\u00f4me<\/a>\u00a0-\u00a0<a class=\"text-white\" href=\"https:\/\/www.debarrasmaison.com\/debarras-2a\/\">D\u00e9barras 2A - Corse-du-Sud<\/a>\u00a0-\u00a0<a class=\"text-white\" href=\"https:\/\/www.debarrasmaison.com\/debarras-2b\/\">D\u00e9barras 2B - Haute-Corse<\/a>\u00a0-\u00a0<a class=\"text-white\" href=\"https:\/\/www.debarrasmaison.com\/debarras-43\/\">D\u00e9barras 43 - Haute-Loire<\/a><\/p>\n<p>&nbsp;<\/p>\n<h4 style=\"text-align: center;\">D\u00e9tail Services<\/h4>\n<ul>\n<li><strong>\u00c9valuation<\/strong>: Visite ou analyse \u00e0 distance pour estimer volume et valeur, devis gratuit si objets r\u00e9cup\u00e9rables.<\/li>\n<li><strong>Tri<\/strong>: S\u00e9paration des biens \u00e0 garder, donner, revendre ou recycler, selon vos consignes.<\/li>\n<li><strong>Rachat<\/strong>: Proposition de rachat pour objets de valeur (meubles anciens, objets de collection) pour r\u00e9duire les co\u00fbts.<\/li>\n<li><strong>D\u00e9montage et enl\u00e8vement<\/strong>: D\u00e9montage des meubles et \u00e9vacuation des encombrants, respect des lieux.<\/li>\n<li><strong>Recyclage et dons<\/strong>: Objets non valorisables recycl\u00e9s, biens en \u00e9tat donn\u00e9s ou revendus.<\/li>\n<li><strong>Mise en d\u00e9chetterie<\/strong>: \u00c9vacuation des d\u00e9chets non recyclables vers une d\u00e9chetterie agr\u00e9\u00e9e.<\/li>\n<li><strong>Nettoyage<\/strong>: Nettoyage de base apr\u00e8s vidage, lieux propres pour vente ou relocation.<\/li>\n<\/ul>\n<\/div>\n<\/div><\/div><\/div><\/div><div id=\"pgc-16-1-3\"  class=\"panel-grid-cell panel-grid-cell-empty\" ><\/div><\/div><div id=\"pg-16-2\"  class=\"panel-grid panel-no-style\" ><div id=\"pgc-16-2-0\"  class=\"panel-grid-cell panel-grid-cell-empty\" ><\/div><div id=\"pgc-16-2-1\"  class=\"panel-grid-cell\" ><div id=\"panel-16-2-1-0\" class=\"so-panel widget widget_sow-image panel-first-child\" data-index=\"5\" ><div\n\t\t\t\n\t\t\tclass=\"so-widget-sow-image so-widget-sow-image-default-c67d20f9f743-16\"\n\t\t\t\n\t\t>\n<div class=\"sow-image-container\">\n\t\t\t<a href=\"https:\/\/www.service-debarras.fr\/index.php\/encombrants\/\"\n\t\t\t\t\t>\n\t\t\t<img \n\tsrc=\"https:\/\/www.service-debarras.fr\/wp-content\/uploads\/2019\/01\/old-radio-1255210_960_720-1-300x200.jpg\" width=\"300\" height=\"200\" srcset=\"https:\/\/www.service-debarras.fr\/wp-content\/uploads\/2019\/01\/old-radio-1255210_960_720-1-300x200.jpg 300w, https:\/\/www.service-debarras.fr\/wp-content\/uploads\/2019\/01\/old-radio-1255210_960_720-1-768x512.jpg 768w, https:\/\/www.service-debarras.fr\/wp-content\/uploads\/2019\/01\/old-radio-1255210_960_720-1-640x427.jpg 640w, https:\/\/www.service-debarras.fr\/wp-content\/uploads\/2019\/01\/old-radio-1255210_960_720-1-460x307.jpg 460w, https:\/\/www.service-debarras.fr\/wp-content\/uploads\/2019\/01\/old-radio-1255210_960_720-1-272x182.jpg 272w, https:\/\/www.service-debarras.fr\/wp-content\/uploads\/2019\/01\/old-radio-1255210_960_720-1.jpg 960w\" sizes=\"(max-width: 300px) 100vw, 300px\" title=\"Enl\u00e8vement encombrants\" alt=\"enl\u00e8vement d&#039;encombrants tous types Lyon Rh\u00f4ne-Alpes\" \t\tclass=\"so-widget-image\"\/>\n\t\t\t<\/a><\/div>\n\n<\/div><\/div><div id=\"panel-16-2-1-1\" class=\"so-panel widget widget_sow-editor panel-last-child\" data-index=\"6\" ><div class=\"panel-widget-style panel-widget-style-for-16-2-1-1\" ><div\n\t\t\t\n\t\t\tclass=\"so-widget-sow-editor so-widget-sow-editor-base\"\n\t\t\t\n\t\t>\n<div class=\"siteorigin-widget-tinymce textwidget\">\n\t<h3><a href=\"https:\/\/www.service-debarras.fr\/index.php\/encombrants\/\">&gt;&gt;&gt; Enl\u00e8vement d'encombrant de tous types<\/a><\/h3>\n<\/div>\n<\/div><\/div><\/div><\/div><div id=\"pgc-16-2-2\"  class=\"panel-grid-cell\" ><div id=\"panel-16-2-2-0\" class=\"so-panel widget widget_sow-image panel-first-child\" data-index=\"7\" ><div\n\t\t\t\n\t\t\tclass=\"so-widget-sow-image so-widget-sow-image-default-c67d20f9f743-16\"\n\t\t\t\n\t\t>\n<div class=\"sow-image-container\">\n\t\t\t<a href=\"https:\/\/www.service-debarras.fr\/index.php\/location-bennes\/\"\n\t\t\t\t\t>\n\t\t\t<img \n\tsrc=\"https:\/\/www.service-debarras.fr\/wp-content\/uploads\/2019\/01\/rubbish-143465_960_720-1-300x200.jpg\" width=\"300\" height=\"200\" srcset=\"https:\/\/www.service-debarras.fr\/wp-content\/uploads\/2019\/01\/rubbish-143465_960_720-1-300x200.jpg 300w, https:\/\/www.service-debarras.fr\/wp-content\/uploads\/2019\/01\/rubbish-143465_960_720-1-768x512.jpg 768w, https:\/\/www.service-debarras.fr\/wp-content\/uploads\/2019\/01\/rubbish-143465_960_720-1-640x427.jpg 640w, https:\/\/www.service-debarras.fr\/wp-content\/uploads\/2019\/01\/rubbish-143465_960_720-1-460x307.jpg 460w, https:\/\/www.service-debarras.fr\/wp-content\/uploads\/2019\/01\/rubbish-143465_960_720-1-272x182.jpg 272w, https:\/\/www.service-debarras.fr\/wp-content\/uploads\/2019\/01\/rubbish-143465_960_720-1.jpg 960w\" sizes=\"(max-width: 300px) 100vw, 300px\" title=\"Location Bennes\" alt=\"Livraison et enl\u00e8vement de bennes Lyon Rh\u00f4ne-Alpes\" \t\tclass=\"so-widget-image\"\/>\n\t\t\t<\/a><\/div>\n\n<\/div><\/div><div id=\"panel-16-2-2-1\" class=\"so-panel widget widget_sow-editor panel-last-child\" data-index=\"8\" ><div class=\"panel-widget-style panel-widget-style-for-16-2-2-1\" ><div\n\t\t\t\n\t\t\tclass=\"so-widget-sow-editor so-widget-sow-editor-base\"\n\t\t\t\n\t\t>\n<div class=\"siteorigin-widget-tinymce textwidget\">\n\t<h3><a href=\"https:\/\/www.service-debarras.fr\/index.php\/location-bennes\/\">&gt;&gt;&gt; Mise \u00e0 disposition de bennes de toutes tailles<\/a><\/h3>\n<\/div>\n<\/div><\/div><\/div><\/div><div id=\"pgc-16-2-3\"  class=\"panel-grid-cell panel-grid-cell-mobile-last\" ><div id=\"panel-16-2-3-0\" class=\"so-panel widget widget_sow-editor panel-first-child panel-last-child\" data-index=\"9\" ><div class=\"panel-widget-style panel-widget-style-for-16-2-3-0\" ><div\n\t\t\t\n\t\t\tclass=\"so-widget-sow-editor so-widget-sow-editor-base\"\n\t\t\t\n\t\t>\n<div class=\"siteorigin-widget-tinymce textwidget\">\n\t<h2>Travail rapide et soign\u00e9 \u00e0 prix comp\u00e9titifs<\/h2>\n<\/div>\n<\/div><\/div><\/div><\/div><div id=\"pgc-16-2-4\"  class=\"panel-grid-cell panel-grid-cell-empty\" ><\/div><\/div><div id=\"pg-16-3\"  class=\"panel-grid panel-no-style\" ><div id=\"pgc-16-3-0\"  class=\"panel-grid-cell panel-grid-cell-empty\" ><\/div><div id=\"pgc-16-3-1\"  class=\"panel-grid-cell\" ><div id=\"panel-16-3-1-0\" class=\"so-panel widget widget_sow-editor panel-first-child panel-last-child\" data-index=\"10\" ><div class=\"panel-widget-style panel-widget-style-for-16-3-1-0\" ><div\n\t\t\t\n\t\t\tclass=\"so-widget-sow-editor so-widget-sow-editor-base\"\n\t\t\t\n\t\t>\n<div class=\"siteorigin-widget-tinymce textwidget\">\n\t<h2>Un recyclage engag\u00e9 et responsable<\/h2>\n<\/div>\n<\/div><\/div><\/div><\/div><div id=\"pgc-16-3-2\"  class=\"panel-grid-cell\" ><div id=\"panel-16-3-2-0\" class=\"so-panel widget widget_sow-image panel-first-child\" data-index=\"11\" ><div\n\t\t\t\n\t\t\tclass=\"so-widget-sow-image so-widget-sow-image-default-c67d20f9f743-16\"\n\t\t\t\n\t\t>\n<div class=\"sow-image-container\">\n\t\t\t<a href=\"https:\/\/www.service-debarras.fr\/index.php\/archives\/\"\n\t\t\t\t\t>\n\t\t\t<img \n\tsrc=\"https:\/\/www.service-debarras.fr\/wp-content\/uploads\/2019\/02\/destructionarchives-300x201.jpg\" width=\"300\" height=\"201\" srcset=\"https:\/\/www.service-debarras.fr\/wp-content\/uploads\/2019\/02\/destructionarchives-300x201.jpg 300w, https:\/\/www.service-debarras.fr\/wp-content\/uploads\/2019\/02\/destructionarchives-768x515.jpg 768w, https:\/\/www.service-debarras.fr\/wp-content\/uploads\/2019\/02\/destructionarchives-640x429.jpg 640w, https:\/\/www.service-debarras.fr\/wp-content\/uploads\/2019\/02\/destructionarchives-460x308.jpg 460w, https:\/\/www.service-debarras.fr\/wp-content\/uploads\/2019\/02\/destructionarchives-272x182.jpg 272w, https:\/\/www.service-debarras.fr\/wp-content\/uploads\/2019\/02\/destructionarchives.jpg 955w\" sizes=\"(max-width: 300px) 100vw, 300px\" title=\"destruction archives\" alt=\"enl\u00e8vement et destruction d&#039;archives professionnelles Lyon Rh\u00f4ne-Alpes\" \t\tclass=\"so-widget-image\"\/>\n\t\t\t<\/a><\/div>\n\n<\/div><\/div><div id=\"panel-16-3-2-1\" class=\"so-panel widget widget_sow-editor panel-last-child\" data-index=\"12\" ><div class=\"panel-widget-style panel-widget-style-for-16-3-2-1\" ><div\n\t\t\t\n\t\t\tclass=\"so-widget-sow-editor so-widget-sow-editor-base\"\n\t\t\t\n\t\t>\n<div class=\"siteorigin-widget-tinymce textwidget\">\n\t<h3><a href=\"https:\/\/www.service-debarras.fr\/index.php\/archives\/\">&gt;&gt;&gt; Destruction de vos archives professionnelles<\/a><\/h3>\n<\/div>\n<\/div><\/div><\/div><\/div><div id=\"pgc-16-3-3\"  class=\"panel-grid-cell panel-grid-cell-mobile-last\" ><div id=\"panel-16-3-3-0\" class=\"so-panel widget widget_sow-image panel-first-child\" data-index=\"13\" ><div\n\t\t\t\n\t\t\tclass=\"so-widget-sow-image so-widget-sow-image-default-c67d20f9f743-16\"\n\t\t\t\n\t\t>\n<div class=\"sow-image-container\">\n\t\t\t<a href=\"https:\/\/www.service-debarras.fr\/index.php\/recyclage\/\"\n\t\t\t\t\t>\n\t\t\t<img \n\tsrc=\"https:\/\/www.service-debarras.fr\/wp-content\/uploads\/2019\/01\/garbage-298774_960_720-1-300x200.jpg\" width=\"300\" height=\"200\" srcset=\"https:\/\/www.service-debarras.fr\/wp-content\/uploads\/2019\/01\/garbage-298774_960_720-1-300x200.jpg 300w, https:\/\/www.service-debarras.fr\/wp-content\/uploads\/2019\/01\/garbage-298774_960_720-1-768x512.jpg 768w, https:\/\/www.service-debarras.fr\/wp-content\/uploads\/2019\/01\/garbage-298774_960_720-1-640x427.jpg 640w, https:\/\/www.service-debarras.fr\/wp-content\/uploads\/2019\/01\/garbage-298774_960_720-1-460x307.jpg 460w, https:\/\/www.service-debarras.fr\/wp-content\/uploads\/2019\/01\/garbage-298774_960_720-1-272x182.jpg 272w, https:\/\/www.service-debarras.fr\/wp-content\/uploads\/2019\/01\/garbage-298774_960_720-1.jpg 960w\" sizes=\"(max-width: 300px) 100vw, 300px\" title=\"Recyclage d\u00e9chets\" alt=\"Collecte et traitement des d\u00e9chets Lyon Rh\u00f4ne-Alpes\" \t\tclass=\"so-widget-image\"\/>\n\t\t\t<\/a><\/div>\n\n<\/div><\/div><div id=\"panel-16-3-3-1\" class=\"so-panel widget widget_sow-editor panel-last-child\" data-index=\"14\" ><div class=\"panel-widget-style panel-widget-style-for-16-3-3-1\" ><div\n\t\t\t\n\t\t\tclass=\"so-widget-sow-editor so-widget-sow-editor-base\"\n\t\t\t\n\t\t>\n<div class=\"siteorigin-widget-tinymce textwidget\">\n\t<h3><a href=\"https:\/\/www.service-debarras.fr\/index.php\/recyclage\/\">&gt;&gt;&gt; Collecte et valorisation des d\u00e9chets<\/a><\/h3>\n<\/div>\n<\/div><\/div><\/div><\/div><div id=\"pgc-16-3-4\"  class=\"panel-grid-cell panel-grid-cell-empty\" ><\/div><\/div><div id=\"pg-16-4\"  class=\"panel-grid panel-has-style\" ><div class=\"panel-row-style panel-row-style-for-16-4\" ><div id=\"pgc-16-4-0\"  class=\"panel-grid-cell panel-grid-cell-empty\" ><\/div><div id=\"pgc-16-4-1\"  class=\"panel-grid-cell panel-grid-cell-mobile-last\" ><div id=\"panel-16-4-1-0\" class=\"so-panel widget widget_sow-editor panel-first-child\" data-index=\"15\" ><div\n\t\t\t\n\t\t\tclass=\"so-widget-sow-editor so-widget-sow-editor-base\"\n\t\t\t\n\t\t>\n<div class=\"siteorigin-widget-tinymce textwidget\">\n\t<h4><\/h4>\n<h4 style=\"text-align: center;\">Une question ?<\/h4>\n<h4 style=\"text-align: center;\">Une demande de devis?<\/h4>\n<h4 style=\"text-align: center;\">Contactez nous par t\u00e9l\u00e9phone ou via le formulaire ci-dessous<\/h4>\n<\/div>\n<\/div><\/div><div id=\"panel-16-4-1-1\" class=\"so-panel widget widget_wpforms-widget wpforms-widget panel-last-child\" data-index=\"16\" ><div class=\"panel-widget-style panel-widget-style-for-16-4-1-1\" ><div class=\"wpforms-container wpforms-container-full\" id=\"wpforms-82\"><form id=\"wpforms-form-82\" class=\"wpforms-validate wpforms-form\" data-formid=\"82\" method=\"post\" enctype=\"multipart\/form-data\" action=\"\/index.php\/wp-json\/wp\/v2\/pages\/16\" data-token=\"5d980d8a363cdd5c5c1d1d562e76b089\" data-token-time=\"1777207265\"><noscript class=\"wpforms-error-noscript\">Veuillez activer JavaScript dans votre navigateur pour remplir ce formulaire.<\/noscript><div class=\"wpforms-field-container\"><div id=\"wpforms-82-field_5-container\" class=\"wpforms-field wpforms-field-text\" data-field-id=\"5\"><label class=\"wpforms-field-label\" for=\"wpforms-82-field_5\">Nom, Pr\u00e9nom <span class=\"wpforms-required-label\">*<\/span><\/label><input type=\"text\" id=\"wpforms-82-field_5\" class=\"wpforms-field-medium wpforms-field-required\" name=\"wpforms[fields][5]\" required><\/div><div id=\"wpforms-82-field_8-container\" class=\"wpforms-field wpforms-field-text\" data-field-id=\"8\"><label class=\"wpforms-field-label\" for=\"wpforms-82-field_8\">T\u00e9l\u00e9phone <span class=\"wpforms-required-label\">*<\/span><\/label><input type=\"text\" id=\"wpforms-82-field_8\" class=\"wpforms-field-medium wpforms-field-required\" name=\"wpforms[fields][8]\" required><\/div><div id=\"wpforms-82-field_6-container\" class=\"wpforms-field wpforms-field-text\" data-field-id=\"6\"><label class=\"wpforms-field-label\" for=\"wpforms-82-field_6\">Code postal <span class=\"wpforms-required-label\">*<\/span><\/label><input type=\"text\" id=\"wpforms-82-field_6\" class=\"wpforms-field-medium wpforms-field-required\" name=\"wpforms[fields][6]\" required><\/div><div id=\"wpforms-82-field_1-container\" class=\"wpforms-field wpforms-field-email\" data-field-id=\"1\"><label class=\"wpforms-field-label\" for=\"wpforms-82-field_1\">Email <span class=\"wpforms-required-label\">*<\/span><\/label><input type=\"email\" id=\"wpforms-82-field_1\" class=\"wpforms-field-medium wpforms-field-required\" name=\"wpforms[fields][1]\" spellcheck=\"false\" required><\/div><div id=\"wpforms-82-field_2-container\" class=\"wpforms-field wpforms-field-textarea\" data-field-id=\"2\"><label class=\"wpforms-field-label\" for=\"wpforms-82-field_2\">Message <span class=\"wpforms-required-label\">*<\/span><\/label><textarea id=\"wpforms-82-field_2\" class=\"wpforms-field-medium wpforms-field-required\" name=\"wpforms[fields][2]\" required><\/textarea><\/div><\/div><!-- .wpforms-field-container --><div class=\"wpforms-field wpforms-field-hp\"><label for=\"wpforms-82-field-hp\" class=\"wpforms-field-label\">Comment<\/label><input type=\"text\" name=\"wpforms[hp]\" id=\"wpforms-82-field-hp\" class=\"wpforms-field-medium\"><\/div><div class=\"wpforms-recaptcha-container wpforms-is-recaptcha wpforms-is-recaptcha-type-v3\" ><input type=\"hidden\" name=\"wpforms[recaptcha]\" value=\"\"><\/div><div class=\"wpforms-submit-container\" ><input type=\"hidden\" name=\"wpforms[id]\" value=\"82\"><input type=\"hidden\" name=\"page_title\" value=\"\"><input type=\"hidden\" name=\"page_url\" value=\"https:\/\/www.service-debarras.fr\/index.php\/wp-json\/wp\/v2\/pages\/16\"><input type=\"hidden\" name=\"url_referer\" value=\"\"><button type=\"submit\" name=\"wpforms[submit]\" id=\"wpforms-submit-82\" class=\"wpforms-submit\" data-alt-text=\"Envoi...\" data-submit-text=\"Envoyer\" aria-live=\"assertive\" value=\"wpforms-submit\">Envoyer<\/button><\/div><\/form><\/div>  <!-- .wpforms-container --><\/div><\/div><\/div><div id=\"pgc-16-4-2\"  class=\"panel-grid-cell panel-grid-cell-empty\" ><\/div><\/div><\/div><\/div>","protected":false},"excerpt":{"rendered":"<p>&nbsp; &nbsp; &nbsp; &nbsp; GAGNAIRE D\u00c9BARRAS POUR PARTICULIERS ET PROFESSIONNELS &nbsp; R\u00e9gion Rh\u00f4ne-Alpes &nbsp; &nbsp; &nbsp; Services de d\u00e9barras pour tous vos besoins Nous d\u00e9barrassons tout de votre maison ou appartement en passant par votre cave\u00a0et grenier. \u00a0Une attention particuli\u00e8re est donn\u00e9e \u00e0 la rapidit\u00e9 d&rsquo;enl\u00e8vement et au respect des lieux. Nous r\u00e9alisons aussi des [&hellip;]<\/p>\n","protected":false},"author":1,"featured_media":0,"parent":0,"menu_order":0,"comment_status":"closed","ping_status":"closed","template":"page-templates\/landingpage.php","meta":{"footnotes":""},"class_list":["post-16","page","type-page","status-publish","hentry"],"_links":{"self":[{"href":"https:\/\/www.service-debarras.fr\/index.php\/wp-json\/wp\/v2\/pages\/16","targetHints":{"allow":["GET"]}}],"collection":[{"href":"https:\/\/www.service-debarras.fr\/index.php\/wp-json\/wp\/v2\/pages"}],"about":[{"href":"https:\/\/www.service-debarras.fr\/index.php\/wp-json\/wp\/v2\/types\/page"}],"author":[{"embeddable":true,"href":"https:\/\/www.service-debarras.fr\/index.php\/wp-json\/wp\/v2\/users\/1"}],"replies":[{"embeddable":true,"href":"https:\/\/www.service-debarras.fr\/index.php\/wp-json\/wp\/v2\/comments?post=16"}],"version-history":[{"count":4,"href":"https:\/\/www.service-debarras.fr\/index.php\/wp-json\/wp\/v2\/pages\/16\/revisions"}],"predecessor-version":[{"id":736,"href":"https:\/\/www.service-debarras.fr\/index.php\/wp-json\/wp\/v2\/pages\/16\/revisions\/736"}],"wp:attachment":[{"href":"https:\/\/www.service-debarras.fr\/index.php\/wp-json\/wp\/v2\/media?parent=16"}],"curies":[{"name":"wp","href":"https:\/\/api.w.org\/{rel}","templated":true}]}}